{"id":19,"date":"2021-07-07T11:15:34","date_gmt":"2021-07-07T09:15:34","guid":{"rendered":"https:\/\/brunet-carrosserie.fr\/?page_id=19"},"modified":"2021-07-09T20:01:47","modified_gmt":"2021-07-09T18:01:47","slug":"pare-brise-optiques","status":"publish","type":"page","link":"https:\/\/brunet-carrosserie.fr\/index.php\/pare-brise-optiques\/","title":{"rendered":"PARE-BRISE &#038; OPTIQUES"},"content":{"rendered":"<p>[et_pb_section fb_built=\u00a0\u00bb1&Prime; _builder_version=\u00a0\u00bb3.29.3&Prime;][et_pb_row _builder_version=\u00a0\u00bb3.29.3&Prime;][et_pb_column _builder_version=\u00a0\u00bb3.29.3&Prime; type=\u00a0\u00bb4_4&Prime;][et_pb_text _builder_version=\u00a0\u00bb3.29.3&Prime; hover_enabled=\u00a0\u00bb0&Prime;]<\/p>\n<h1 style=\"text-align: center;\"><strong>REMPLACEMENT DE VOS VITRAGES<\/strong><\/h1>\n<p>[\/et_pb_text][\/et_pb_column][\/et_pb_row][et_pb_row _builder_version=\u00a0\u00bb3.29.3&Prime; column_structure=\u00a0\u00bb1_2,1_2&Prime; hover_enabled=\u00a0\u00bb0&Prime;][et_pb_column _builder_version=\u00a0\u00bb3.29.3&Prime; type=\u00a0\u00bb1_2&Prime;][et_pb_text _builder_version=\u00a0\u00bb3.29.3&Prime; hover_enabled=\u00a0\u00bb0&Prime;]<\/p>\n<p><span style=\"font-weight: 400;\">La Carrosserie Brunet effectue le remplacement des vitrages (pare-brise, vitres, r\u00e9troviseurs ou phares) en attachant une grande importance \u00e0 la qualit\u00e9 de pose ainsi qu\u2019\u00e0 l\u2019utilisation de pi\u00e8ces de qualit\u00e9.<\/span><\/p>\n<p>&nbsp;<\/p>\n<p><span style=\"font-weight: 400;\">Si votre pare-brise est cass\u00e9 ou fissur\u00e9, si vous avez un impact dans votre champ de vision ou s\u2019il y a plus de trois impacts, pour votre s\u00e9curit\u00e9 il est obligatoire de le remplacer. Le mat\u00e9riel que nous utilisons pour changer votre pare-brise nous permet d\u2019effectuer l\u2019op\u00e9ration de d\u00e9montage sans risquer d\u2019endommager le tableau de bord de votre v\u00e9hicule, et nous faisons appel \u00e0 un fournisseur ne proposant que des pi\u00e8ces de qualit\u00e9 pour vos vitrages, afin de vous donner toute satisfaction.<\/span><\/p>\n<p>[\/et_pb_text][\/et_pb_column][et_pb_column _builder_version=\u00a0\u00bb3.29.3&Prime; type=\u00a0\u00bb1_2&Prime; hover_enabled=\u00a0\u00bb0&Prime;][et_pb_image src=\u00a0\u00bbhttps:\/\/brunet-carrosserie.fr\/wp-content\/uploads\/2021\/07\/pare_brise.jpg\u00a0\u00bb _builder_version=\u00a0\u00bb3.29.3&Prime; hover_enabled=\u00a0\u00bb0&Prime;][\/et_pb_image][\/et_pb_column][\/et_pb_row][\/et_pb_section][et_pb_section fb_built=\u00a0\u00bb1&Prime; _builder_version=\u00a0\u00bb3.29.3&Prime; custom_padding=\u00a0\u00bb0px|||||\u00a0\u00bb][et_pb_row _builder_version=\u00a0\u00bb3.29.3&Prime;][et_pb_column _builder_version=\u00a0\u00bb3.29.3&Prime; type=\u00a0\u00bb4_4&Prime;][et_pb_image src=\u00a0\u00bbhttps:\/\/brunet-carrosserie.fr\/wp-content\/uploads\/2021\/07\/libre_choix_reparateur.jpg\u00a0\u00bb _builder_version=\u00a0\u00bb3.29.3&Prime; align=\u00a0\u00bbcenter\u00a0\u00bb hover_enabled=\u00a0\u00bb0&Prime;][\/et_pb_image][\/et_pb_column][\/et_pb_row][\/et_pb_section]<\/p>\n","protected":false},"excerpt":{"rendered":"<p>[et_pb_section fb_built=\u00a0\u00bb1&Prime; _builder_version=\u00a0\u00bb3.29.3&Prime;][et_pb_row _builder_version=\u00a0\u00bb3.29.3&Prime;][et_pb_column _builder_version=\u00a0\u00bb3.29.3&Prime; type=\u00a0\u00bb4_4&Prime;][et_pb_text _builder_version=\u00a0\u00bb3.29.3&Prime; hover_enabled=\u00a0\u00bb0&Prime;] REMPLACEMENT DE VOS VITRAGES [\/et_pb_text][\/et_pb_column][\/et_pb_row][et_pb_row _builder_version=\u00a0\u00bb3.29.3&Prime; column_structure=\u00a0\u00bb1_2,1_2&Prime; hover_enabled=\u00a0\u00bb0&Prime;][et_pb_column _builder_version=\u00a0\u00bb3.29.3&Prime; type=\u00a0\u00bb1_2&Prime;][et_pb_text _builder_version=\u00a0\u00bb3.29.3&Prime; hover_enabled=\u00a0\u00bb0&Prime;] La Carrosserie Brunet effectue le remplacement des vitrages (pare-brise, vitres, r\u00e9troviseurs ou phares) en attachant une grande importance \u00e0 la qualit\u00e9 de pose ainsi qu\u2019\u00e0 l\u2019utilisation de pi\u00e8ces de qualit\u00e9. &nbsp; Si votre pare-brise est [&hellip;]<\/p>\n","protected":false},"author":1,"featured_media":0,"parent":0,"menu_order":4,"comment_status":"closed","ping_status":"closed","template":"","meta":{"_et_pb_use_builder":"on","_et_pb_old_content":"","footnotes":""},"yoast_head":"<!-- This site is optimized with the Yoast SEO plugin v19.13 - https:\/\/yoast.com\/wordpress\/plugins\/seo\/ -->\n<title>PARE-BRISE &amp; OPTIQUES - Carrosserie Brunet<\/title>\n<meta name=\"robots\" content=\"index, follow, max-snippet:-1, max-image-preview:large, max-video-preview:-1\" \/>\n<link rel=\"canonical\" href=\"https:\/\/brunet-carrosserie.fr\/index.php\/pare-brise-optiques\/\" \/>\n<meta property=\"og:locale\" content=\"fr_FR\" \/>\n<meta property=\"og:type\" content=\"article\" \/>\n<meta property=\"og:title\" content=\"PARE-BRISE &amp; OPTIQUES - Carrosserie Brunet\" \/>\n<meta property=\"og:description\" content=\"[et_pb_section fb_built=\u00a0\u00bb1&Prime; _builder_version=\u00a0\u00bb3.29.3&Prime;][et_pb_row _builder_version=\u00a0\u00bb3.29.3&Prime;][et_pb_column _builder_version=\u00a0\u00bb3.29.3&Prime; type=\u00a0\u00bb4_4&Prime;][et_pb_text _builder_version=\u00a0\u00bb3.29.3&Prime; hover_enabled=\u00a0\u00bb0&Prime;] REMPLACEMENT DE VOS VITRAGES [\/et_pb_text][\/et_pb_column][\/et_pb_row][et_pb_row _builder_version=\u00a0\u00bb3.29.3&Prime; column_structure=\u00a0\u00bb1_2,1_2&Prime; hover_enabled=\u00a0\u00bb0&Prime;][et_pb_column _builder_version=\u00a0\u00bb3.29.3&Prime; type=\u00a0\u00bb1_2&Prime;][et_pb_text _builder_version=\u00a0\u00bb3.29.3&Prime; hover_enabled=\u00a0\u00bb0&Prime;] La Carrosserie Brunet effectue le remplacement des vitrages (pare-brise, vitres, r\u00e9troviseurs ou phares) en attachant une grande importance \u00e0 la qualit\u00e9 de pose ainsi qu\u2019\u00e0 l\u2019utilisation de pi\u00e8ces de qualit\u00e9. &nbsp; Si votre pare-brise est [&hellip;]\" \/>\n<meta property=\"og:url\" content=\"https:\/\/brunet-carrosserie.fr\/index.php\/pare-brise-optiques\/\" \/>\n<meta property=\"og:site_name\" content=\"Carrosserie Brunet\" \/>\n<meta property=\"article:modified_time\" content=\"2021-07-09T18:01:47+00:00\" \/>\n<meta name=\"twitter:card\" content=\"summary_large_image\" \/>\n<meta name=\"twitter:label1\" content=\"Dur\u00e9e de lecture estim\u00e9e\" \/>\n\t<meta name=\"twitter:data1\" content=\"1 minute\" \/>\n<script type=\"application\/ld+json\" class=\"yoast-schema-graph\">{\"@context\":\"https:\/\/schema.org\",\"@graph\":[{\"@type\":\"WebPage\",\"@id\":\"https:\/\/brunet-carrosserie.fr\/index.php\/pare-brise-optiques\/\",\"url\":\"https:\/\/brunet-carrosserie.fr\/index.php\/pare-brise-optiques\/\",\"name\":\"PARE-BRISE & OPTIQUES - Carrosserie Brunet\",\"isPartOf\":{\"@id\":\"https:\/\/brunet-carrosserie.fr\/#website\"},\"datePublished\":\"2021-07-07T09:15:34+00:00\",\"dateModified\":\"2021-07-09T18:01:47+00:00\",\"breadcrumb\":{\"@id\":\"https:\/\/brunet-carrosserie.fr\/index.php\/pare-brise-optiques\/#breadcrumb\"},\"inLanguage\":\"fr-FR\",\"potentialAction\":[{\"@type\":\"ReadAction\",\"target\":[\"https:\/\/brunet-carrosserie.fr\/index.php\/pare-brise-optiques\/\"]}]},{\"@type\":\"BreadcrumbList\",\"@id\":\"https:\/\/brunet-carrosserie.fr\/index.php\/pare-brise-optiques\/#breadcrumb\",\"itemListElement\":[{\"@type\":\"ListItem\",\"position\":1,\"name\":\"Accueil\",\"item\":\"https:\/\/brunet-carrosserie.fr\/\"},{\"@type\":\"ListItem\",\"position\":2,\"name\":\"PARE-BRISE &#038; OPTIQUES\"}]},{\"@type\":\"WebSite\",\"@id\":\"https:\/\/brunet-carrosserie.fr\/#website\",\"url\":\"https:\/\/brunet-carrosserie.fr\/\",\"name\":\"Carrosserie Brunet\",\"description\":\"\",\"potentialAction\":[{\"@type\":\"SearchAction\",\"target\":{\"@type\":\"EntryPoint\",\"urlTemplate\":\"https:\/\/brunet-carrosserie.fr\/?s={search_term_string}\"},\"query-input\":\"required name=search_term_string\"}],\"inLanguage\":\"fr-FR\"}]}<\/script>\n<!-- \/ Yoast SEO plugin. -->","yoast_head_json":{"title":"PARE-BRISE & OPTIQUES - Carrosserie Brunet","robots":{"index":"index","follow":"follow","max-snippet":"max-snippet:-1","max-image-preview":"max-image-preview:large","max-video-preview":"max-video-preview:-1"},"canonical":"https:\/\/brunet-carrosserie.fr\/index.php\/pare-brise-optiques\/","og_locale":"fr_FR","og_type":"article","og_title":"PARE-BRISE & OPTIQUES - Carrosserie Brunet","og_description":"[et_pb_section fb_built=\u00a0\u00bb1&Prime; _builder_version=\u00a0\u00bb3.29.3&Prime;][et_pb_row _builder_version=\u00a0\u00bb3.29.3&Prime;][et_pb_column _builder_version=\u00a0\u00bb3.29.3&Prime; type=\u00a0\u00bb4_4&Prime;][et_pb_text _builder_version=\u00a0\u00bb3.29.3&Prime; hover_enabled=\u00a0\u00bb0&Prime;] REMPLACEMENT DE VOS VITRAGES [\/et_pb_text][\/et_pb_column][\/et_pb_row][et_pb_row _builder_version=\u00a0\u00bb3.29.3&Prime; column_structure=\u00a0\u00bb1_2,1_2&Prime; hover_enabled=\u00a0\u00bb0&Prime;][et_pb_column _builder_version=\u00a0\u00bb3.29.3&Prime; type=\u00a0\u00bb1_2&Prime;][et_pb_text _builder_version=\u00a0\u00bb3.29.3&Prime; hover_enabled=\u00a0\u00bb0&Prime;] La Carrosserie Brunet effectue le remplacement des vitrages (pare-brise, vitres, r\u00e9troviseurs ou phares) en attachant une grande importance \u00e0 la qualit\u00e9 de pose ainsi qu\u2019\u00e0 l\u2019utilisation de pi\u00e8ces de qualit\u00e9. &nbsp; Si votre pare-brise est [&hellip;]","og_url":"https:\/\/brunet-carrosserie.fr\/index.php\/pare-brise-optiques\/","og_site_name":"Carrosserie Brunet","article_modified_time":"2021-07-09T18:01:47+00:00","twitter_card":"summary_large_image","twitter_misc":{"Dur\u00e9e de lecture estim\u00e9e":"1 minute"},"schema":{"@context":"https:\/\/schema.org","@graph":[{"@type":"WebPage","@id":"https:\/\/brunet-carrosserie.fr\/index.php\/pare-brise-optiques\/","url":"https:\/\/brunet-carrosserie.fr\/index.php\/pare-brise-optiques\/","name":"PARE-BRISE & OPTIQUES - Carrosserie Brunet","isPartOf":{"@id":"https:\/\/brunet-carrosserie.fr\/#website"},"datePublished":"2021-07-07T09:15:34+00:00","dateModified":"2021-07-09T18:01:47+00:00","breadcrumb":{"@id":"https:\/\/brunet-carrosserie.fr\/index.php\/pare-brise-optiques\/#breadcrumb"},"inLanguage":"fr-FR","potentialAction":[{"@type":"ReadAction","target":["https:\/\/brunet-carrosserie.fr\/index.php\/pare-brise-optiques\/"]}]},{"@type":"BreadcrumbList","@id":"https:\/\/brunet-carrosserie.fr\/index.php\/pare-brise-optiques\/#breadcrumb","itemListElement":[{"@type":"ListItem","position":1,"name":"Accueil","item":"https:\/\/brunet-carrosserie.fr\/"},{"@type":"ListItem","position":2,"name":"PARE-BRISE &#038; OPTIQUES"}]},{"@type":"WebSite","@id":"https:\/\/brunet-carrosserie.fr\/#website","url":"https:\/\/brunet-carrosserie.fr\/","name":"Carrosserie Brunet","description":"","potentialAction":[{"@type":"SearchAction","target":{"@type":"EntryPoint","urlTemplate":"https:\/\/brunet-carrosserie.fr\/?s={search_term_string}"},"query-input":"required name=search_term_string"}],"inLanguage":"fr-FR"}]}},"_links":{"self":[{"href":"https:\/\/brunet-carrosserie.fr\/index.php\/wp-json\/wp\/v2\/pages\/19"}],"collection":[{"href":"https:\/\/brunet-carrosserie.fr\/index.php\/wp-json\/wp\/v2\/pages"}],"about":[{"href":"https:\/\/brunet-carrosserie.fr\/index.php\/wp-json\/wp\/v2\/types\/page"}],"author":[{"embeddable":true,"href":"https:\/\/brunet-carrosserie.fr\/index.php\/wp-json\/wp\/v2\/users\/1"}],"replies":[{"embeddable":true,"href":"https:\/\/brunet-carrosserie.fr\/index.php\/wp-json\/wp\/v2\/comments?post=19"}],"version-history":[{"count":4,"href":"https:\/\/brunet-carrosserie.fr\/index.php\/wp-json\/wp\/v2\/pages\/19\/revisions"}],"predecessor-version":[{"id":99,"href":"https:\/\/brunet-carrosserie.fr\/index.php\/wp-json\/wp\/v2\/pages\/19\/revisions\/99"}],"wp:attachment":[{"href":"https:\/\/brunet-carrosserie.fr\/index.php\/wp-json\/wp\/v2\/media?parent=19"}],"curies":[{"name":"wp","href":"https:\/\/api.w.org\/{rel}","templated":true}]}}