{"id":21,"date":"2021-07-07T11:15:49","date_gmt":"2021-07-07T09:15:49","guid":{"rendered":"https:\/\/brunet-carrosserie.fr\/?page_id=21"},"modified":"2021-08-16T00:04:26","modified_gmt":"2021-08-15T22:04:26","slug":"atelier-de-restauration","status":"publish","type":"page","link":"https:\/\/brunet-carrosserie.fr\/index.php\/atelier-de-restauration\/","title":{"rendered":"ATELIER DE RESTAURATION"},"content":{"rendered":"<p>[et_pb_section fb_built=\u00a0\u00bb1&Prime; _builder_version=\u00a0\u00bb3.29.3&Prime; fb_built=\u00a0\u00bb1&Prime; _i=\u00a0\u00bb0&Prime; _address=\u00a0\u00bb0&Prime;][et_pb_row _builder_version=\u00a0\u00bb3.29.3&Prime; custom_padding=\u00a0\u00bb||28px|||\u00a0\u00bb _i=\u00a0\u00bb0&Prime; _address=\u00a0\u00bb0.0&Prime;][et_pb_column type=\u00a0\u00bb4_4&Prime; _builder_version=\u00a0\u00bb3.29.3&Prime; _i=\u00a0\u00bb0&Prime; _address=\u00a0\u00bb0.0.0&Prime;][et_pb_text _builder_version=\u00a0\u00bb3.29.3&Prime; custom_padding=\u00a0\u00bb||0px|||\u00a0\u00bb _i=\u00a0\u00bb0&Prime; _address=\u00a0\u00bb0.0.0.0&Prime;]<\/p>\n<h1 style=\"text-align: center;\"><span style=\"font-size: xx-large;\"><strong>RESTAURATIONS DE VEHICULES ANCIENS :<\/strong><\/span><\/h1>\n<p>&nbsp;<\/p>\n<p><span style=\"font-weight: 400;\">Pour la restauration de la carrosserie d\u2019une voiture ancienne, nous proc\u00e9dons au d\u00e9montage complet des diff\u00e9rentes pi\u00e8ces et \u00e9l\u00e9ments de carrosserie. Toutes les pi\u00e8ces ab\u00eem\u00e9es sont remplac\u00e9es.<\/span><span style=\"font-weight: 400;\"><br \/> <\/span><span style=\"font-weight: 400;\">La remise en \u00e9tat de la carrosserie est une \u00e9tape importante dans la restauration d\u2019une voiture de collection, car la corrosion (et les chocs) sont les raisons les plus fr\u00e9quentes de son mauvais \u00e9tat.<\/span><span style=\"font-weight: 400;\"><br \/> <\/span><span style=\"font-weight: 400;\">Nous commen\u00e7ons donc toujours par la r\u00e9novation du ch\u00e2ssis et des \u00e9l\u00e9ments de carrosserie :<\/span><span style=\"font-weight: 400;\"><br \/> <\/span><span style=\"font-weight: 400;\">D\u00e9capage ou pon\u00e7age pour enlever la corrosion, les anciennes peintures ou les vernis qui cloquent, traitement anticorrosion, remise en \u00e9tat des t\u00f4les corrod\u00e9es par d\u00e9coupe, soudure aluminium, acier et brasure, \u00e9tamage\u2026 Nous effectuons toutes les r\u00e9novations n\u00e9cessaires avant peinture.\u00a0<\/span><\/p>\n<h4><strong>PEINTURE :\u00a0<\/strong><\/h4>\n<p><span style=\"font-weight: 400;\">Je r\u00e9alise avec minutie tous les travaux de peinture sur carrosserie (acier, plastique ou aluminium) en prenant toutes les pr\u00e9cautions n\u00e9cessaires lors du d\u00e9montage et du remontage des pi\u00e8ces.<\/span><\/p>\n<p><strong>D\u00e9montage complet ou partiel pour peinture, sablage, a\u00e9rogommage, lustrage, vernis &#8230;<\/strong><\/p>\n<p><span style=\"font-weight: 400;\">Les v\u00e9hicules sont peints dans une cabine professionnelle adapt\u00e9e.<\/span><\/p>\n<p><span style=\"font-weight: 400;\">Afin de garantir une finition de haute qualit\u00e9 pour un r\u00e9sultat durable, nous utilisons des peintures et vernis haut-de-gamme.<\/span><\/p>\n<p style=\"text-align: center;\"><span style=\"font-weight: 400;\"><\/span><\/p>\n<p>[\/et_pb_text][\/et_pb_column][\/et_pb_row][et_pb_row _builder_version=\u00a0\u00bb3.29.3&Prime; _i=\u00a0\u00bb1&Prime; _address=\u00a0\u00bb0.1&Prime;][et_pb_column type=\u00a0\u00bb4_4&Prime; _builder_version=\u00a0\u00bb3.29.3&Prime; _i=\u00a0\u00bb0&Prime; _address=\u00a0\u00bb0.1.0&Prime;][et_pb_gallery gallery_ids=\u00a0\u00bb45,47,50,48,51,52,53,42,49,55,43,57,44,39,58,40,41&Prime; posts_number=\u00a0\u00bb20&Prime; show_pagination=\u00a0\u00bboff\u00a0\u00bb _builder_version=\u00a0\u00bb3.29.3&Prime; custom_margin=\u00a0\u00bb||-194px|||\u00a0\u00bb hover_enabled=\u00a0\u00bb0&Prime; _i=\u00a0\u00bb0&Prime; _address=\u00a0\u00bb0.1.0.0&Prime; show_title_and_caption=\u00a0\u00bboff\u00a0\u00bb][\/et_pb_gallery][\/et_pb_column][\/et_pb_row][et_pb_row _builder_version=\u00a0\u00bb3.29.3&Prime; min_height=\u00a0\u00bb185px\u00a0\u00bb _i=\u00a0\u00bb2&Prime; _address=\u00a0\u00bb0.2&Prime;][et_pb_column type=\u00a0\u00bb4_4&Prime; _builder_version=\u00a0\u00bb3.29.3&Prime; _i=\u00a0\u00bb0&Prime; _address=\u00a0\u00bb0.2.0&Prime;][et_pb_text _builder_version=\u00a0\u00bb3.29.3&Prime; custom_padding=\u00a0\u00bb0px|||||\u00a0\u00bb _i=\u00a0\u00bb0&Prime; _address=\u00a0\u00bb0.2.0.0&Prime;]<\/p>\n<p><span><\/span><\/p>\n<p style=\"text-align: center;\">\n<h4 style=\"text-align: center;\"><span><\/span><\/h4>\n<h4 style=\"text-align: center;\"><span>Nous avons \u00e0 c\u0153ur la satisfaction d\u2019un travail bien fait et la satisfaction de nos clients.<\/span><\/h4>\n<h4 style=\"text-align: center;\"><span>Vous \u00eates le propri\u00e9taire d&rsquo;une voiture de collection et vous aimeriez la faire restaurer ?<\/span><\/h4>\n<h4 style=\"text-align: center;\"><span>Contactez-nous pour nous faire part de votre projet.<\/span><\/h4>\n<p>[\/et_pb_text][\/et_pb_column][\/et_pb_row][\/et_pb_section]<\/p>\n","protected":false},"excerpt":{"rendered":"<p>[et_pb_section fb_built=\u00a0\u00bb1&Prime; _builder_version=\u00a0\u00bb3.29.3&Prime; fb_built=\u00a0\u00bb1&Prime; _i=\u00a0\u00bb0&Prime; _address=\u00a0\u00bb0&Prime;][et_pb_row _builder_version=\u00a0\u00bb3.29.3&Prime; custom_padding=\u00a0\u00bb||28px|||\u00a0\u00bb _i=\u00a0\u00bb0&Prime; _address=\u00a0\u00bb0.0&Prime;][et_pb_column type=\u00a0\u00bb4_4&Prime; _builder_version=\u00a0\u00bb3.29.3&Prime; _i=\u00a0\u00bb0&Prime; _address=\u00a0\u00bb0.0.0&Prime;][et_pb_text _builder_version=\u00a0\u00bb3.29.3&Prime; custom_padding=\u00a0\u00bb||0px|||\u00a0\u00bb _i=\u00a0\u00bb0&Prime; _address=\u00a0\u00bb0.0.0.0&Prime;] RESTAURATIONS DE VEHICULES ANCIENS : &nbsp; Pour la restauration de la carrosserie d\u2019une voiture ancienne, nous proc\u00e9dons au d\u00e9montage complet des diff\u00e9rentes pi\u00e8ces et \u00e9l\u00e9ments de carrosserie. Toutes les pi\u00e8ces ab\u00eem\u00e9es sont remplac\u00e9es. La remise en \u00e9tat [&hellip;]<\/p>\n","protected":false},"author":1,"featured_media":0,"parent":0,"menu_order":1,"comment_status":"closed","ping_status":"closed","template":"","meta":{"_et_pb_use_builder":"on","_et_pb_old_content":"","footnotes":""},"yoast_head":"<!-- This site is optimized with the Yoast SEO plugin v19.13 - https:\/\/yoast.com\/wordpress\/plugins\/seo\/ -->\n<title>ATELIER DE RESTAURATION - Carrosserie Brunet<\/title>\n<meta name=\"robots\" content=\"index, follow, max-snippet:-1, max-image-preview:large, max-video-preview:-1\" \/>\n<link rel=\"canonical\" href=\"https:\/\/brunet-carrosserie.fr\/index.php\/atelier-de-restauration\/\" \/>\n<meta property=\"og:locale\" content=\"fr_FR\" \/>\n<meta property=\"og:type\" content=\"article\" \/>\n<meta property=\"og:title\" content=\"ATELIER DE RESTAURATION - Carrosserie Brunet\" \/>\n<meta property=\"og:description\" content=\"[et_pb_section fb_built=\u00a0\u00bb1&Prime; _builder_version=\u00a0\u00bb3.29.3&Prime; fb_built=\u00a0\u00bb1&Prime; _i=\u00a0\u00bb0&Prime; _address=\u00a0\u00bb0&Prime;][et_pb_row _builder_version=\u00a0\u00bb3.29.3&Prime; custom_padding=\u00a0\u00bb||28px|||\u00a0\u00bb _i=\u00a0\u00bb0&Prime; _address=\u00a0\u00bb0.0&Prime;][et_pb_column type=\u00a0\u00bb4_4&Prime; _builder_version=\u00a0\u00bb3.29.3&Prime; _i=\u00a0\u00bb0&Prime; _address=\u00a0\u00bb0.0.0&Prime;][et_pb_text _builder_version=\u00a0\u00bb3.29.3&Prime; custom_padding=\u00a0\u00bb||0px|||\u00a0\u00bb _i=\u00a0\u00bb0&Prime; _address=\u00a0\u00bb0.0.0.0&Prime;] RESTAURATIONS DE VEHICULES ANCIENS : &nbsp; Pour la restauration de la carrosserie d\u2019une voiture ancienne, nous proc\u00e9dons au d\u00e9montage complet des diff\u00e9rentes pi\u00e8ces et \u00e9l\u00e9ments de carrosserie. Toutes les pi\u00e8ces ab\u00eem\u00e9es sont remplac\u00e9es. La remise en \u00e9tat [&hellip;]\" \/>\n<meta property=\"og:url\" content=\"https:\/\/brunet-carrosserie.fr\/index.php\/atelier-de-restauration\/\" \/>\n<meta property=\"og:site_name\" content=\"Carrosserie Brunet\" \/>\n<meta property=\"article:modified_time\" content=\"2021-08-15T22:04:26+00:00\" \/>\n<meta name=\"twitter:card\" content=\"summary_large_image\" \/>\n<meta name=\"twitter:label1\" content=\"Dur\u00e9e de lecture estim\u00e9e\" \/>\n\t<meta name=\"twitter:data1\" content=\"2 minutes\" \/>\n<script type=\"application\/ld+json\" class=\"yoast-schema-graph\">{\"@context\":\"https:\/\/schema.org\",\"@graph\":[{\"@type\":\"WebPage\",\"@id\":\"https:\/\/brunet-carrosserie.fr\/index.php\/atelier-de-restauration\/\",\"url\":\"https:\/\/brunet-carrosserie.fr\/index.php\/atelier-de-restauration\/\",\"name\":\"ATELIER DE RESTAURATION - Carrosserie Brunet\",\"isPartOf\":{\"@id\":\"https:\/\/brunet-carrosserie.fr\/#website\"},\"datePublished\":\"2021-07-07T09:15:49+00:00\",\"dateModified\":\"2021-08-15T22:04:26+00:00\",\"breadcrumb\":{\"@id\":\"https:\/\/brunet-carrosserie.fr\/index.php\/atelier-de-restauration\/#breadcrumb\"},\"inLanguage\":\"fr-FR\",\"potentialAction\":[{\"@type\":\"ReadAction\",\"target\":[\"https:\/\/brunet-carrosserie.fr\/index.php\/atelier-de-restauration\/\"]}]},{\"@type\":\"BreadcrumbList\",\"@id\":\"https:\/\/brunet-carrosserie.fr\/index.php\/atelier-de-restauration\/#breadcrumb\",\"itemListElement\":[{\"@type\":\"ListItem\",\"position\":1,\"name\":\"Accueil\",\"item\":\"https:\/\/brunet-carrosserie.fr\/\"},{\"@type\":\"ListItem\",\"position\":2,\"name\":\"ATELIER DE RESTAURATION\"}]},{\"@type\":\"WebSite\",\"@id\":\"https:\/\/brunet-carrosserie.fr\/#website\",\"url\":\"https:\/\/brunet-carrosserie.fr\/\",\"name\":\"Carrosserie Brunet\",\"description\":\"\",\"potentialAction\":[{\"@type\":\"SearchAction\",\"target\":{\"@type\":\"EntryPoint\",\"urlTemplate\":\"https:\/\/brunet-carrosserie.fr\/?s={search_term_string}\"},\"query-input\":\"required name=search_term_string\"}],\"inLanguage\":\"fr-FR\"}]}<\/script>\n<!-- \/ Yoast SEO plugin. -->","yoast_head_json":{"title":"ATELIER DE RESTAURATION - Carrosserie Brunet","robots":{"index":"index","follow":"follow","max-snippet":"max-snippet:-1","max-image-preview":"max-image-preview:large","max-video-preview":"max-video-preview:-1"},"canonical":"https:\/\/brunet-carrosserie.fr\/index.php\/atelier-de-restauration\/","og_locale":"fr_FR","og_type":"article","og_title":"ATELIER DE RESTAURATION - Carrosserie Brunet","og_description":"[et_pb_section fb_built=\u00a0\u00bb1&Prime; _builder_version=\u00a0\u00bb3.29.3&Prime; fb_built=\u00a0\u00bb1&Prime; _i=\u00a0\u00bb0&Prime; _address=\u00a0\u00bb0&Prime;][et_pb_row _builder_version=\u00a0\u00bb3.29.3&Prime; custom_padding=\u00a0\u00bb||28px|||\u00a0\u00bb _i=\u00a0\u00bb0&Prime; _address=\u00a0\u00bb0.0&Prime;][et_pb_column type=\u00a0\u00bb4_4&Prime; _builder_version=\u00a0\u00bb3.29.3&Prime; _i=\u00a0\u00bb0&Prime; _address=\u00a0\u00bb0.0.0&Prime;][et_pb_text _builder_version=\u00a0\u00bb3.29.3&Prime; custom_padding=\u00a0\u00bb||0px|||\u00a0\u00bb _i=\u00a0\u00bb0&Prime; _address=\u00a0\u00bb0.0.0.0&Prime;] RESTAURATIONS DE VEHICULES ANCIENS : &nbsp; Pour la restauration de la carrosserie d\u2019une voiture ancienne, nous proc\u00e9dons au d\u00e9montage complet des diff\u00e9rentes pi\u00e8ces et \u00e9l\u00e9ments de carrosserie. Toutes les pi\u00e8ces ab\u00eem\u00e9es sont remplac\u00e9es. La remise en \u00e9tat [&hellip;]","og_url":"https:\/\/brunet-carrosserie.fr\/index.php\/atelier-de-restauration\/","og_site_name":"Carrosserie Brunet","article_modified_time":"2021-08-15T22:04:26+00:00","twitter_card":"summary_large_image","twitter_misc":{"Dur\u00e9e de lecture estim\u00e9e":"2 minutes"},"schema":{"@context":"https:\/\/schema.org","@graph":[{"@type":"WebPage","@id":"https:\/\/brunet-carrosserie.fr\/index.php\/atelier-de-restauration\/","url":"https:\/\/brunet-carrosserie.fr\/index.php\/atelier-de-restauration\/","name":"ATELIER DE RESTAURATION - Carrosserie Brunet","isPartOf":{"@id":"https:\/\/brunet-carrosserie.fr\/#website"},"datePublished":"2021-07-07T09:15:49+00:00","dateModified":"2021-08-15T22:04:26+00:00","breadcrumb":{"@id":"https:\/\/brunet-carrosserie.fr\/index.php\/atelier-de-restauration\/#breadcrumb"},"inLanguage":"fr-FR","potentialAction":[{"@type":"ReadAction","target":["https:\/\/brunet-carrosserie.fr\/index.php\/atelier-de-restauration\/"]}]},{"@type":"BreadcrumbList","@id":"https:\/\/brunet-carrosserie.fr\/index.php\/atelier-de-restauration\/#breadcrumb","itemListElement":[{"@type":"ListItem","position":1,"name":"Accueil","item":"https:\/\/brunet-carrosserie.fr\/"},{"@type":"ListItem","position":2,"name":"ATELIER DE RESTAURATION"}]},{"@type":"WebSite","@id":"https:\/\/brunet-carrosserie.fr\/#website","url":"https:\/\/brunet-carrosserie.fr\/","name":"Carrosserie Brunet","description":"","potentialAction":[{"@type":"SearchAction","target":{"@type":"EntryPoint","urlTemplate":"https:\/\/brunet-carrosserie.fr\/?s={search_term_string}"},"query-input":"required name=search_term_string"}],"inLanguage":"fr-FR"}]}},"_links":{"self":[{"href":"https:\/\/brunet-carrosserie.fr\/index.php\/wp-json\/wp\/v2\/pages\/21"}],"collection":[{"href":"https:\/\/brunet-carrosserie.fr\/index.php\/wp-json\/wp\/v2\/pages"}],"about":[{"href":"https:\/\/brunet-carrosserie.fr\/index.php\/wp-json\/wp\/v2\/types\/page"}],"author":[{"embeddable":true,"href":"https:\/\/brunet-carrosserie.fr\/index.php\/wp-json\/wp\/v2\/users\/1"}],"replies":[{"embeddable":true,"href":"https:\/\/brunet-carrosserie.fr\/index.php\/wp-json\/wp\/v2\/comments?post=21"}],"version-history":[{"count":14,"href":"https:\/\/brunet-carrosserie.fr\/index.php\/wp-json\/wp\/v2\/pages\/21\/revisions"}],"predecessor-version":[{"id":155,"href":"https:\/\/brunet-carrosserie.fr\/index.php\/wp-json\/wp\/v2\/pages\/21\/revisions\/155"}],"wp:attachment":[{"href":"https:\/\/brunet-carrosserie.fr\/index.php\/wp-json\/wp\/v2\/media?parent=21"}],"curies":[{"name":"wp","href":"https:\/\/api.w.org\/{rel}","templated":true}]}}