{"id":23,"date":"2021-07-07T11:15:58","date_gmt":"2021-07-07T09:15:58","guid":{"rendered":"https:\/\/brunet-carrosserie.fr\/?page_id=23"},"modified":"2021-07-09T20:03:00","modified_gmt":"2021-07-09T18:03:00","slug":"nos-occasions","status":"publish","type":"page","link":"https:\/\/brunet-carrosserie.fr\/index.php\/nos-occasions\/","title":{"rendered":"NOS OCCASIONS"},"content":{"rendered":"<p>[et_pb_section fb_built=\u00a0\u00bb1&Prime; _builder_version=\u00a0\u00bb3.29.3&Prime;][et_pb_row _builder_version=\u00a0\u00bb3.29.3&Prime; hover_enabled=\u00a0\u00bb0&Prime;][et_pb_column _builder_version=\u00a0\u00bb3.29.3&Prime; type=\u00a0\u00bb4_4&Prime;][et_pb_text _builder_version=\u00a0\u00bb3.29.3&Prime;]<\/p>\n<h1 style=\"text-align: center;\"><strong>VENTES DE V\u00c9HICULES D\u2019OCCASION<\/strong><\/h1>\n<p><span style=\"font-weight: 400;\">Nous proposons r\u00e9guli\u00e8rement des v\u00e9hicules d\u2019occasion \u00e0 l\u2019achat, dont vous trouverez les caract\u00e9ristiques et les photos dans cette rubrique. <\/span><span style=\"font-weight: 400;\"><br \/><\/span><span style=\"font-weight: 400;\">Si vous avez une demande particuli\u00e8re, n\u2019h\u00e9sitez pas \u00e0 nous en faire part.<\/span><\/p>\n<p>[\/et_pb_text][\/et_pb_column][\/et_pb_row][et_pb_row _builder_version=\u00a0\u00bb3.29.3&Prime; hover_enabled=\u00a0\u00bb0&Prime;][et_pb_column _builder_version=\u00a0\u00bb3.29.3&Prime; type=\u00a0\u00bb4_4&Prime;][et_pb_gallery _builder_version=\u00a0\u00bb3.29.3&Prime; gallery_ids=\u00a0\u00bb32&Prime; hover_enabled=\u00a0\u00bb0&Prime;][\/et_pb_gallery][\/et_pb_column][\/et_pb_row][\/et_pb_section]<\/p>\n","protected":false},"excerpt":{"rendered":"<p>[et_pb_section fb_built=\u00a0\u00bb1&Prime; _builder_version=\u00a0\u00bb3.29.3&Prime;][et_pb_row _builder_version=\u00a0\u00bb3.29.3&Prime; hover_enabled=\u00a0\u00bb0&Prime;][et_pb_column _builder_version=\u00a0\u00bb3.29.3&Prime; type=\u00a0\u00bb4_4&Prime;][et_pb_text _builder_version=\u00a0\u00bb3.29.3&Prime;] VENTES DE V\u00c9HICULES D\u2019OCCASION Nous proposons r\u00e9guli\u00e8rement des v\u00e9hicules d\u2019occasion \u00e0 l\u2019achat, dont vous trouverez les caract\u00e9ristiques et les photos dans cette rubrique. Si vous avez une demande particuli\u00e8re, n\u2019h\u00e9sitez pas \u00e0 nous en faire part. [\/et_pb_text][\/et_pb_column][\/et_pb_row][et_pb_row _builder_version=\u00a0\u00bb3.29.3&Prime; hover_enabled=\u00a0\u00bb0&Prime;][et_pb_column _builder_version=\u00a0\u00bb3.29.3&Prime; type=\u00a0\u00bb4_4&Prime;][et_pb_gallery _builder_version=\u00a0\u00bb3.29.3&Prime; gallery_ids=\u00a0\u00bb32&Prime; hover_enabled=\u00a0\u00bb0&Prime;][\/et_pb_gallery][\/et_pb_column][\/et_pb_row][\/et_pb_section]<\/p>\n","protected":false},"author":1,"featured_media":0,"parent":0,"menu_order":5,"comment_status":"closed","ping_status":"closed","template":"","meta":{"_et_pb_use_builder":"on","_et_pb_old_content":"","footnotes":""},"yoast_head":"<!-- This site is optimized with the Yoast SEO plugin v19.13 - https:\/\/yoast.com\/wordpress\/plugins\/seo\/ -->\n<title>NOS OCCASIONS - Carrosserie Brunet<\/title>\n<meta name=\"robots\" content=\"index, follow, max-snippet:-1, max-image-preview:large, max-video-preview:-1\" \/>\n<link rel=\"canonical\" href=\"https:\/\/brunet-carrosserie.fr\/index.php\/nos-occasions\/\" \/>\n<meta property=\"og:locale\" content=\"fr_FR\" \/>\n<meta property=\"og:type\" content=\"article\" \/>\n<meta property=\"og:title\" content=\"NOS OCCASIONS - Carrosserie Brunet\" \/>\n<meta property=\"og:description\" content=\"[et_pb_section fb_built=\u00a0\u00bb1&Prime; _builder_version=\u00a0\u00bb3.29.3&Prime;][et_pb_row _builder_version=\u00a0\u00bb3.29.3&Prime; hover_enabled=\u00a0\u00bb0&Prime;][et_pb_column _builder_version=\u00a0\u00bb3.29.3&Prime; type=\u00a0\u00bb4_4&Prime;][et_pb_text _builder_version=\u00a0\u00bb3.29.3&Prime;] VENTES DE V\u00c9HICULES D\u2019OCCASION Nous proposons r\u00e9guli\u00e8rement des v\u00e9hicules d\u2019occasion \u00e0 l\u2019achat, dont vous trouverez les caract\u00e9ristiques et les photos dans cette rubrique. Si vous avez une demande particuli\u00e8re, n\u2019h\u00e9sitez pas \u00e0 nous en faire part. [\/et_pb_text][\/et_pb_column][\/et_pb_row][et_pb_row _builder_version=\u00a0\u00bb3.29.3&Prime; hover_enabled=\u00a0\u00bb0&Prime;][et_pb_column _builder_version=\u00a0\u00bb3.29.3&Prime; type=\u00a0\u00bb4_4&Prime;][et_pb_gallery _builder_version=\u00a0\u00bb3.29.3&Prime; gallery_ids=\u00a0\u00bb32&Prime; hover_enabled=\u00a0\u00bb0&Prime;][\/et_pb_gallery][\/et_pb_column][\/et_pb_row][\/et_pb_section]\" \/>\n<meta property=\"og:url\" content=\"https:\/\/brunet-carrosserie.fr\/index.php\/nos-occasions\/\" \/>\n<meta property=\"og:site_name\" content=\"Carrosserie Brunet\" \/>\n<meta property=\"article:modified_time\" content=\"2021-07-09T18:03:00+00:00\" \/>\n<meta name=\"twitter:card\" content=\"summary_large_image\" \/>\n<meta name=\"twitter:label1\" content=\"Dur\u00e9e de lecture estim\u00e9e\" \/>\n\t<meta name=\"twitter:data1\" content=\"1 minute\" \/>\n<script type=\"application\/ld+json\" class=\"yoast-schema-graph\">{\"@context\":\"https:\/\/schema.org\",\"@graph\":[{\"@type\":\"WebPage\",\"@id\":\"https:\/\/brunet-carrosserie.fr\/index.php\/nos-occasions\/\",\"url\":\"https:\/\/brunet-carrosserie.fr\/index.php\/nos-occasions\/\",\"name\":\"NOS OCCASIONS - Carrosserie Brunet\",\"isPartOf\":{\"@id\":\"https:\/\/brunet-carrosserie.fr\/#website\"},\"datePublished\":\"2021-07-07T09:15:58+00:00\",\"dateModified\":\"2021-07-09T18:03:00+00:00\",\"breadcrumb\":{\"@id\":\"https:\/\/brunet-carrosserie.fr\/index.php\/nos-occasions\/#breadcrumb\"},\"inLanguage\":\"fr-FR\",\"potentialAction\":[{\"@type\":\"ReadAction\",\"target\":[\"https:\/\/brunet-carrosserie.fr\/index.php\/nos-occasions\/\"]}]},{\"@type\":\"BreadcrumbList\",\"@id\":\"https:\/\/brunet-carrosserie.fr\/index.php\/nos-occasions\/#breadcrumb\",\"itemListElement\":[{\"@type\":\"ListItem\",\"position\":1,\"name\":\"Accueil\",\"item\":\"https:\/\/brunet-carrosserie.fr\/\"},{\"@type\":\"ListItem\",\"position\":2,\"name\":\"NOS OCCASIONS\"}]},{\"@type\":\"WebSite\",\"@id\":\"https:\/\/brunet-carrosserie.fr\/#website\",\"url\":\"https:\/\/brunet-carrosserie.fr\/\",\"name\":\"Carrosserie Brunet\",\"description\":\"\",\"potentialAction\":[{\"@type\":\"SearchAction\",\"target\":{\"@type\":\"EntryPoint\",\"urlTemplate\":\"https:\/\/brunet-carrosserie.fr\/?s={search_term_string}\"},\"query-input\":\"required name=search_term_string\"}],\"inLanguage\":\"fr-FR\"}]}<\/script>\n<!-- \/ Yoast SEO plugin. -->","yoast_head_json":{"title":"NOS OCCASIONS - Carrosserie Brunet","robots":{"index":"index","follow":"follow","max-snippet":"max-snippet:-1","max-image-preview":"max-image-preview:large","max-video-preview":"max-video-preview:-1"},"canonical":"https:\/\/brunet-carrosserie.fr\/index.php\/nos-occasions\/","og_locale":"fr_FR","og_type":"article","og_title":"NOS OCCASIONS - Carrosserie Brunet","og_description":"[et_pb_section fb_built=\u00a0\u00bb1&Prime; _builder_version=\u00a0\u00bb3.29.3&Prime;][et_pb_row _builder_version=\u00a0\u00bb3.29.3&Prime; hover_enabled=\u00a0\u00bb0&Prime;][et_pb_column _builder_version=\u00a0\u00bb3.29.3&Prime; type=\u00a0\u00bb4_4&Prime;][et_pb_text _builder_version=\u00a0\u00bb3.29.3&Prime;] VENTES DE V\u00c9HICULES D\u2019OCCASION Nous proposons r\u00e9guli\u00e8rement des v\u00e9hicules d\u2019occasion \u00e0 l\u2019achat, dont vous trouverez les caract\u00e9ristiques et les photos dans cette rubrique. Si vous avez une demande particuli\u00e8re, n\u2019h\u00e9sitez pas \u00e0 nous en faire part. [\/et_pb_text][\/et_pb_column][\/et_pb_row][et_pb_row _builder_version=\u00a0\u00bb3.29.3&Prime; hover_enabled=\u00a0\u00bb0&Prime;][et_pb_column _builder_version=\u00a0\u00bb3.29.3&Prime; type=\u00a0\u00bb4_4&Prime;][et_pb_gallery _builder_version=\u00a0\u00bb3.29.3&Prime; gallery_ids=\u00a0\u00bb32&Prime; hover_enabled=\u00a0\u00bb0&Prime;][\/et_pb_gallery][\/et_pb_column][\/et_pb_row][\/et_pb_section]","og_url":"https:\/\/brunet-carrosserie.fr\/index.php\/nos-occasions\/","og_site_name":"Carrosserie Brunet","article_modified_time":"2021-07-09T18:03:00+00:00","twitter_card":"summary_large_image","twitter_misc":{"Dur\u00e9e de lecture estim\u00e9e":"1 minute"},"schema":{"@context":"https:\/\/schema.org","@graph":[{"@type":"WebPage","@id":"https:\/\/brunet-carrosserie.fr\/index.php\/nos-occasions\/","url":"https:\/\/brunet-carrosserie.fr\/index.php\/nos-occasions\/","name":"NOS OCCASIONS - Carrosserie Brunet","isPartOf":{"@id":"https:\/\/brunet-carrosserie.fr\/#website"},"datePublished":"2021-07-07T09:15:58+00:00","dateModified":"2021-07-09T18:03:00+00:00","breadcrumb":{"@id":"https:\/\/brunet-carrosserie.fr\/index.php\/nos-occasions\/#breadcrumb"},"inLanguage":"fr-FR","potentialAction":[{"@type":"ReadAction","target":["https:\/\/brunet-carrosserie.fr\/index.php\/nos-occasions\/"]}]},{"@type":"BreadcrumbList","@id":"https:\/\/brunet-carrosserie.fr\/index.php\/nos-occasions\/#breadcrumb","itemListElement":[{"@type":"ListItem","position":1,"name":"Accueil","item":"https:\/\/brunet-carrosserie.fr\/"},{"@type":"ListItem","position":2,"name":"NOS OCCASIONS"}]},{"@type":"WebSite","@id":"https:\/\/brunet-carrosserie.fr\/#website","url":"https:\/\/brunet-carrosserie.fr\/","name":"Carrosserie Brunet","description":"","potentialAction":[{"@type":"SearchAction","target":{"@type":"EntryPoint","urlTemplate":"https:\/\/brunet-carrosserie.fr\/?s={search_term_string}"},"query-input":"required name=search_term_string"}],"inLanguage":"fr-FR"}]}},"_links":{"self":[{"href":"https:\/\/brunet-carrosserie.fr\/index.php\/wp-json\/wp\/v2\/pages\/23"}],"collection":[{"href":"https:\/\/brunet-carrosserie.fr\/index.php\/wp-json\/wp\/v2\/pages"}],"about":[{"href":"https:\/\/brunet-carrosserie.fr\/index.php\/wp-json\/wp\/v2\/types\/page"}],"author":[{"embeddable":true,"href":"https:\/\/brunet-carrosserie.fr\/index.php\/wp-json\/wp\/v2\/users\/1"}],"replies":[{"embeddable":true,"href":"https:\/\/brunet-carrosserie.fr\/index.php\/wp-json\/wp\/v2\/comments?post=23"}],"version-history":[{"count":3,"href":"https:\/\/brunet-carrosserie.fr\/index.php\/wp-json\/wp\/v2\/pages\/23\/revisions"}],"predecessor-version":[{"id":101,"href":"https:\/\/brunet-carrosserie.fr\/index.php\/wp-json\/wp\/v2\/pages\/23\/revisions\/101"}],"wp:attachment":[{"href":"https:\/\/brunet-carrosserie.fr\/index.php\/wp-json\/wp\/v2\/media?parent=23"}],"curies":[{"name":"wp","href":"https:\/\/api.w.org\/{rel}","templated":true}]}}