{"id":85,"date":"2021-07-09T19:54:19","date_gmt":"2021-07-09T17:54:19","guid":{"rendered":"https:\/\/brunet-carrosserie.fr\/?page_id=85"},"modified":"2021-07-10T12:39:41","modified_gmt":"2021-07-10T10:39:41","slug":"cartes-grises","status":"publish","type":"page","link":"https:\/\/brunet-carrosserie.fr\/index.php\/cartes-grises\/","title":{"rendered":"CARTES GRISES"},"content":{"rendered":"<p>[et_pb_section fb_built=\u00a0\u00bb1&Prime; _builder_version=\u00a0\u00bb3.29.3&Prime; fb_built=\u00a0\u00bb1&Prime; _i=\u00a0\u00bb0&Prime; _address=\u00a0\u00bb0&Prime;][et_pb_row _builder_version=\u00a0\u00bb3.29.3&Prime; _i=\u00a0\u00bb0&Prime; _address=\u00a0\u00bb0.0&Prime;][et_pb_column type=\u00a0\u00bb4_4&Prime; _builder_version=\u00a0\u00bb3.29.3&Prime; _i=\u00a0\u00bb0&Prime; _address=\u00a0\u00bb0.0.0&Prime;][et_pb_text _builder_version=\u00a0\u00bb3.29.3&Prime; min_height=\u00a0\u00bb16px\u00a0\u00bb _i=\u00a0\u00bb0&Prime; _address=\u00a0\u00bb0.0.0.0&Prime;]<\/p>\n<h1><strong>D\u00c9MARCHES POUR VOS CARTES GRISES AUPR\u00c8S DE L\u2019ANTS<\/strong><\/h1>\n<p>[\/et_pb_text][\/et_pb_column][\/et_pb_row][et_pb_row _builder_version=\u00a0\u00bb3.29.3&Prime; _i=\u00a0\u00bb1&Prime; _address=\u00a0\u00bb0.1&Prime;][et_pb_column type=\u00a0\u00bb4_4&Prime; _builder_version=\u00a0\u00bb3.29.3&Prime; _i=\u00a0\u00bb0&Prime; _address=\u00a0\u00bb0.1.0&Prime;][et_pb_image src=\u00a0\u00bbhttps:\/\/brunet-carrosserie.fr\/wp-content\/uploads\/2021\/07\/prefecture_cartegrise-150&#215;150.png\u00a0\u00bb _builder_version=\u00a0\u00bb3.29.3&Prime; custom_margin=\u00a0\u00bb-53px|||||\u00a0\u00bb custom_padding=\u00a0\u00bb||0px|||\u00a0\u00bb _i=\u00a0\u00bb0&Prime; _address=\u00a0\u00bb0.1.0.0&Prime;][\/et_pb_image][\/et_pb_column][\/et_pb_row][et_pb_row _builder_version=\u00a0\u00bb3.29.3&Prime; custom_padding=\u00a0\u00bb0px|||||\u00a0\u00bb _i=\u00a0\u00bb2&Prime; _address=\u00a0\u00bb0.2&Prime;][et_pb_column type=\u00a0\u00bb4_4&Prime; _builder_version=\u00a0\u00bb3.29.3&Prime; _i=\u00a0\u00bb0&Prime; _address=\u00a0\u00bb0.2.0&Prime;][et_pb_text _builder_version=\u00a0\u00bb3.29.3&Prime; _i=\u00a0\u00bb0&Prime; _address=\u00a0\u00bb0.2.0.0&Prime;]<\/p>\n<p><span style=\"font-weight: 400;\">La carrosserie Brunet est affili\u00e9e et agr\u00e9\u00e9e par la Pr\u00e9fecture de Dordogne pour effectuer les d\u00e9marches administratives relatives aux cartes grises.<\/span><\/p>\n<p><span style=\"font-weight: 400;\">Vous avez achet\u00e9 un v\u00e9hicule ? Nous nous chargeons de la constitution de votre dossier et des d\u00e9marches pour effectuer le changement de titulaire .<\/span><\/p>\n<p>[\/et_pb_text][\/et_pb_column][\/et_pb_row][et_pb_row column_structure=\u00a0\u00bb1_2,1_2&Prime; _builder_version=\u00a0\u00bb3.29.3&Prime; _i=\u00a0\u00bb3&Prime; _address=\u00a0\u00bb0.3&Prime;][et_pb_column type=\u00a0\u00bb1_2&Prime; _builder_version=\u00a0\u00bb3.29.3&Prime; _i=\u00a0\u00bb0&Prime; _address=\u00a0\u00bb0.3.0&Prime;][et_pb_text _builder_version=\u00a0\u00bb3.29.3&Prime; _i=\u00a0\u00bb0&Prime; _address=\u00a0\u00bb0.3.0.0&Prime;]<\/p>\n<p><span style=\"font-weight: 400;\">Liste des documents \u00e0 fournir pour votre dossier de changement de certificat d&rsquo;immatriculation :<\/span><\/p>\n<p><span style=\"font-weight: 400;\">&#8211; Certificat de cession du v\u00e9hicule formulaire CERFA 15776 (2 exemplaires) sign\u00e9 par le vendeur et l&rsquo;acheteur.<\/span><\/p>\n<p><span style=\"font-weight: 400;\">&#8211; Photocopie du contr\u00f4le technique de moins de 6 mois<\/span><\/p>\n<p><span style=\"font-weight: 400;\">&#8211; Certificat d&rsquo;immatriculation (carte grise) du v\u00e9hicule barr\u00e9, dat\u00e9 et sign\u00e9 par le vendeur<\/span><\/p>\n<p><span style=\"font-weight: 400;\">&#8211; Demande d&rsquo;immatriculation du v\u00e9hicule formulaire CERFA 13750*05 sign\u00e9 par l&rsquo;acheteur<\/span><\/p>\n<p><span style=\"font-weight: 400;\">&#8211; Photocopie du certificat d&rsquo;assurance du v\u00e9hicule<\/span><\/p>\n<p><span style=\"font-weight: 400;\">&#8211; Photocopie du permis de conduire recto-verso<\/span><\/p>\n<p><span style=\"font-weight: 400;\">&#8211; Photocopie de la carte d&rsquo;identit\u00e9 recto-verso<\/span><\/p>\n<p><span style=\"font-weight: 400;\">&#8211; Photocopie d&rsquo;un justificatif de domicile* de moins de 6 mois<\/span><\/p>\n<p><span style=\"font-weight: 400;\">&#8211; R\u00e8glement des taxes d&rsquo;enregistrement aux services fiscaux<\/span><\/p>\n<p><span style=\"font-weight: 400;\">&#8211; R\u00e8glement de 30 euros pour les frais de changement de carte grise<\/span><\/p>\n<p>&nbsp;<\/p>\n<p><span style=\"font-weight: 400;\">* documents accept\u00e9s comme justificatifs de domicile pour une personne physique : quittance d&rsquo;\u00e9lectricit\u00e9, quittance de gaz, facture de t\u00e9l\u00e9phone fixe ou portable, facture d&rsquo;un fournisseur d&rsquo;acc\u00e8s \u00e0 internet, dernier avis d&rsquo;imposition ou de non imposition, attestation d&rsquo;un fournisseur d&rsquo;\u00e9nergie (EDF, Engie&#8230;), attestation d&rsquo;assurance habitation.<\/span><\/p>\n<p>[\/et_pb_text][\/et_pb_column][et_pb_column type=\u00a0\u00bb1_2&Prime; _builder_version=\u00a0\u00bb3.29.3&Prime; _i=\u00a0\u00bb1&Prime; _address=\u00a0\u00bb0.3.1&Prime;][et_pb_image src=\u00a0\u00bbhttps:\/\/brunet-carrosserie.fr\/wp-content\/uploads\/2021\/07\/papiers-768&#215;1024.png\u00a0\u00bb _builder_version=\u00a0\u00bb3.29.3&Prime; hover_enabled=\u00a0\u00bb0&Prime; _i=\u00a0\u00bb0&Prime; _address=\u00a0\u00bb0.3.1.0&Prime;][\/et_pb_image][\/et_pb_column][\/et_pb_row][\/et_pb_section]<\/p>\n","protected":false},"excerpt":{"rendered":"<p>[et_pb_section fb_built=\u00a0\u00bb1&Prime; _builder_version=\u00a0\u00bb3.29.3&Prime; fb_built=\u00a0\u00bb1&Prime; _i=\u00a0\u00bb0&Prime; _address=\u00a0\u00bb0&Prime;][et_pb_row _builder_version=\u00a0\u00bb3.29.3&Prime; _i=\u00a0\u00bb0&Prime; _address=\u00a0\u00bb0.0&Prime;][et_pb_column type=\u00a0\u00bb4_4&Prime; _builder_version=\u00a0\u00bb3.29.3&Prime; _i=\u00a0\u00bb0&Prime; _address=\u00a0\u00bb0.0.0&Prime;][et_pb_text _builder_version=\u00a0\u00bb3.29.3&Prime; min_height=\u00a0\u00bb16px\u00a0\u00bb _i=\u00a0\u00bb0&Prime; _address=\u00a0\u00bb0.0.0.0&Prime;] D\u00c9MARCHES POUR VOS CARTES GRISES AUPR\u00c8S DE L\u2019ANTS [\/et_pb_text][\/et_pb_column][\/et_pb_row][et_pb_row _builder_version=\u00a0\u00bb3.29.3&Prime; _i=\u00a0\u00bb1&Prime; _address=\u00a0\u00bb0.1&Prime;][et_pb_column type=\u00a0\u00bb4_4&Prime; _builder_version=\u00a0\u00bb3.29.3&Prime; _i=\u00a0\u00bb0&Prime; _address=\u00a0\u00bb0.1.0&Prime;][et_pb_image src=\u00a0\u00bbhttps:\/\/brunet-carrosserie.fr\/wp-content\/uploads\/2021\/07\/prefecture_cartegrise-150&#215;150.png\u00a0\u00bb _builder_version=\u00a0\u00bb3.29.3&Prime; custom_margin=\u00a0\u00bb-53px|||||\u00a0\u00bb custom_padding=\u00a0\u00bb||0px|||\u00a0\u00bb _i=\u00a0\u00bb0&Prime; _address=\u00a0\u00bb0.1.0.0&Prime;][\/et_pb_image][\/et_pb_column][\/et_pb_row][et_pb_row _builder_version=\u00a0\u00bb3.29.3&Prime; custom_padding=\u00a0\u00bb0px|||||\u00a0\u00bb _i=\u00a0\u00bb2&Prime; _address=\u00a0\u00bb0.2&Prime;][et_pb_column type=\u00a0\u00bb4_4&Prime; _builder_version=\u00a0\u00bb3.29.3&Prime; _i=\u00a0\u00bb0&Prime; _address=\u00a0\u00bb0.2.0&Prime;][et_pb_text _builder_version=\u00a0\u00bb3.29.3&Prime; _i=\u00a0\u00bb0&Prime; _address=\u00a0\u00bb0.2.0.0&Prime;] La carrosserie Brunet est affili\u00e9e [&hellip;]<\/p>\n","protected":false},"author":1,"featured_media":0,"parent":0,"menu_order":3,"comment_status":"closed","ping_status":"closed","template":"","meta":{"_et_pb_use_builder":"on","_et_pb_old_content":"","footnotes":""},"yoast_head":"<!-- This site is optimized with the Yoast SEO plugin v19.13 - https:\/\/yoast.com\/wordpress\/plugins\/seo\/ -->\n<title>CARTES GRISES - Carrosserie Brunet<\/title>\n<meta name=\"robots\" content=\"index, follow, max-snippet:-1, max-image-preview:large, max-video-preview:-1\" \/>\n<link rel=\"canonical\" href=\"https:\/\/brunet-carrosserie.fr\/index.php\/cartes-grises\/\" \/>\n<meta property=\"og:locale\" content=\"fr_FR\" \/>\n<meta property=\"og:type\" content=\"article\" \/>\n<meta property=\"og:title\" content=\"CARTES GRISES - Carrosserie Brunet\" \/>\n<meta property=\"og:description\" content=\"[et_pb_section fb_built=\u00a0\u00bb1&Prime; _builder_version=\u00a0\u00bb3.29.3&Prime; fb_built=\u00a0\u00bb1&Prime; _i=\u00a0\u00bb0&Prime; _address=\u00a0\u00bb0&Prime;][et_pb_row _builder_version=\u00a0\u00bb3.29.3&Prime; _i=\u00a0\u00bb0&Prime; _address=\u00a0\u00bb0.0&Prime;][et_pb_column type=\u00a0\u00bb4_4&Prime; _builder_version=\u00a0\u00bb3.29.3&Prime; _i=\u00a0\u00bb0&Prime; _address=\u00a0\u00bb0.0.0&Prime;][et_pb_text _builder_version=\u00a0\u00bb3.29.3&Prime; min_height=\u00a0\u00bb16px\u00a0\u00bb _i=\u00a0\u00bb0&Prime; _address=\u00a0\u00bb0.0.0.0&Prime;] D\u00c9MARCHES POUR VOS CARTES GRISES AUPR\u00c8S DE L\u2019ANTS [\/et_pb_text][\/et_pb_column][\/et_pb_row][et_pb_row _builder_version=\u00a0\u00bb3.29.3&Prime; _i=\u00a0\u00bb1&Prime; _address=\u00a0\u00bb0.1&Prime;][et_pb_column type=\u00a0\u00bb4_4&Prime; _builder_version=\u00a0\u00bb3.29.3&Prime; _i=\u00a0\u00bb0&Prime; _address=\u00a0\u00bb0.1.0&Prime;][et_pb_image src=\u00a0\u00bbhttps:\/\/brunet-carrosserie.fr\/wp-content\/uploads\/2021\/07\/prefecture_cartegrise-150&#215;150.png\u00a0\u00bb _builder_version=\u00a0\u00bb3.29.3&Prime; custom_margin=\u00a0\u00bb-53px|||||\u00a0\u00bb custom_padding=\u00a0\u00bb||0px|||\u00a0\u00bb _i=\u00a0\u00bb0&Prime; _address=\u00a0\u00bb0.1.0.0&Prime;][\/et_pb_image][\/et_pb_column][\/et_pb_row][et_pb_row _builder_version=\u00a0\u00bb3.29.3&Prime; custom_padding=\u00a0\u00bb0px|||||\u00a0\u00bb _i=\u00a0\u00bb2&Prime; _address=\u00a0\u00bb0.2&Prime;][et_pb_column type=\u00a0\u00bb4_4&Prime; _builder_version=\u00a0\u00bb3.29.3&Prime; _i=\u00a0\u00bb0&Prime; _address=\u00a0\u00bb0.2.0&Prime;][et_pb_text _builder_version=\u00a0\u00bb3.29.3&Prime; _i=\u00a0\u00bb0&Prime; _address=\u00a0\u00bb0.2.0.0&Prime;] La carrosserie Brunet est affili\u00e9e [&hellip;]\" \/>\n<meta property=\"og:url\" content=\"https:\/\/brunet-carrosserie.fr\/index.php\/cartes-grises\/\" \/>\n<meta property=\"og:site_name\" content=\"Carrosserie Brunet\" \/>\n<meta property=\"article:modified_time\" content=\"2021-07-10T10:39:41+00:00\" \/>\n<meta name=\"twitter:card\" content=\"summary_large_image\" \/>\n<meta name=\"twitter:label1\" content=\"Dur\u00e9e de lecture estim\u00e9e\" \/>\n\t<meta name=\"twitter:data1\" content=\"2 minutes\" \/>\n<script type=\"application\/ld+json\" class=\"yoast-schema-graph\">{\"@context\":\"https:\/\/schema.org\",\"@graph\":[{\"@type\":\"WebPage\",\"@id\":\"https:\/\/brunet-carrosserie.fr\/index.php\/cartes-grises\/\",\"url\":\"https:\/\/brunet-carrosserie.fr\/index.php\/cartes-grises\/\",\"name\":\"CARTES GRISES - Carrosserie Brunet\",\"isPartOf\":{\"@id\":\"https:\/\/brunet-carrosserie.fr\/#website\"},\"datePublished\":\"2021-07-09T17:54:19+00:00\",\"dateModified\":\"2021-07-10T10:39:41+00:00\",\"breadcrumb\":{\"@id\":\"https:\/\/brunet-carrosserie.fr\/index.php\/cartes-grises\/#breadcrumb\"},\"inLanguage\":\"fr-FR\",\"potentialAction\":[{\"@type\":\"ReadAction\",\"target\":[\"https:\/\/brunet-carrosserie.fr\/index.php\/cartes-grises\/\"]}]},{\"@type\":\"BreadcrumbList\",\"@id\":\"https:\/\/brunet-carrosserie.fr\/index.php\/cartes-grises\/#breadcrumb\",\"itemListElement\":[{\"@type\":\"ListItem\",\"position\":1,\"name\":\"Accueil\",\"item\":\"https:\/\/brunet-carrosserie.fr\/\"},{\"@type\":\"ListItem\",\"position\":2,\"name\":\"CARTES GRISES\"}]},{\"@type\":\"WebSite\",\"@id\":\"https:\/\/brunet-carrosserie.fr\/#website\",\"url\":\"https:\/\/brunet-carrosserie.fr\/\",\"name\":\"Carrosserie Brunet\",\"description\":\"\",\"potentialAction\":[{\"@type\":\"SearchAction\",\"target\":{\"@type\":\"EntryPoint\",\"urlTemplate\":\"https:\/\/brunet-carrosserie.fr\/?s={search_term_string}\"},\"query-input\":\"required name=search_term_string\"}],\"inLanguage\":\"fr-FR\"}]}<\/script>\n<!-- \/ Yoast SEO plugin. -->","yoast_head_json":{"title":"CARTES GRISES - Carrosserie Brunet","robots":{"index":"index","follow":"follow","max-snippet":"max-snippet:-1","max-image-preview":"max-image-preview:large","max-video-preview":"max-video-preview:-1"},"canonical":"https:\/\/brunet-carrosserie.fr\/index.php\/cartes-grises\/","og_locale":"fr_FR","og_type":"article","og_title":"CARTES GRISES - Carrosserie Brunet","og_description":"[et_pb_section fb_built=\u00a0\u00bb1&Prime; _builder_version=\u00a0\u00bb3.29.3&Prime; fb_built=\u00a0\u00bb1&Prime; _i=\u00a0\u00bb0&Prime; _address=\u00a0\u00bb0&Prime;][et_pb_row _builder_version=\u00a0\u00bb3.29.3&Prime; _i=\u00a0\u00bb0&Prime; _address=\u00a0\u00bb0.0&Prime;][et_pb_column type=\u00a0\u00bb4_4&Prime; _builder_version=\u00a0\u00bb3.29.3&Prime; _i=\u00a0\u00bb0&Prime; _address=\u00a0\u00bb0.0.0&Prime;][et_pb_text _builder_version=\u00a0\u00bb3.29.3&Prime; min_height=\u00a0\u00bb16px\u00a0\u00bb _i=\u00a0\u00bb0&Prime; _address=\u00a0\u00bb0.0.0.0&Prime;] D\u00c9MARCHES POUR VOS CARTES GRISES AUPR\u00c8S DE L\u2019ANTS [\/et_pb_text][\/et_pb_column][\/et_pb_row][et_pb_row _builder_version=\u00a0\u00bb3.29.3&Prime; _i=\u00a0\u00bb1&Prime; _address=\u00a0\u00bb0.1&Prime;][et_pb_column type=\u00a0\u00bb4_4&Prime; _builder_version=\u00a0\u00bb3.29.3&Prime; _i=\u00a0\u00bb0&Prime; _address=\u00a0\u00bb0.1.0&Prime;][et_pb_image src=\u00a0\u00bbhttps:\/\/brunet-carrosserie.fr\/wp-content\/uploads\/2021\/07\/prefecture_cartegrise-150&#215;150.png\u00a0\u00bb _builder_version=\u00a0\u00bb3.29.3&Prime; custom_margin=\u00a0\u00bb-53px|||||\u00a0\u00bb custom_padding=\u00a0\u00bb||0px|||\u00a0\u00bb _i=\u00a0\u00bb0&Prime; _address=\u00a0\u00bb0.1.0.0&Prime;][\/et_pb_image][\/et_pb_column][\/et_pb_row][et_pb_row _builder_version=\u00a0\u00bb3.29.3&Prime; custom_padding=\u00a0\u00bb0px|||||\u00a0\u00bb _i=\u00a0\u00bb2&Prime; _address=\u00a0\u00bb0.2&Prime;][et_pb_column type=\u00a0\u00bb4_4&Prime; _builder_version=\u00a0\u00bb3.29.3&Prime; _i=\u00a0\u00bb0&Prime; _address=\u00a0\u00bb0.2.0&Prime;][et_pb_text _builder_version=\u00a0\u00bb3.29.3&Prime; _i=\u00a0\u00bb0&Prime; _address=\u00a0\u00bb0.2.0.0&Prime;] La carrosserie Brunet est affili\u00e9e [&hellip;]","og_url":"https:\/\/brunet-carrosserie.fr\/index.php\/cartes-grises\/","og_site_name":"Carrosserie Brunet","article_modified_time":"2021-07-10T10:39:41+00:00","twitter_card":"summary_large_image","twitter_misc":{"Dur\u00e9e de lecture estim\u00e9e":"2 minutes"},"schema":{"@context":"https:\/\/schema.org","@graph":[{"@type":"WebPage","@id":"https:\/\/brunet-carrosserie.fr\/index.php\/cartes-grises\/","url":"https:\/\/brunet-carrosserie.fr\/index.php\/cartes-grises\/","name":"CARTES GRISES - Carrosserie Brunet","isPartOf":{"@id":"https:\/\/brunet-carrosserie.fr\/#website"},"datePublished":"2021-07-09T17:54:19+00:00","dateModified":"2021-07-10T10:39:41+00:00","breadcrumb":{"@id":"https:\/\/brunet-carrosserie.fr\/index.php\/cartes-grises\/#breadcrumb"},"inLanguage":"fr-FR","potentialAction":[{"@type":"ReadAction","target":["https:\/\/brunet-carrosserie.fr\/index.php\/cartes-grises\/"]}]},{"@type":"BreadcrumbList","@id":"https:\/\/brunet-carrosserie.fr\/index.php\/cartes-grises\/#breadcrumb","itemListElement":[{"@type":"ListItem","position":1,"name":"Accueil","item":"https:\/\/brunet-carrosserie.fr\/"},{"@type":"ListItem","position":2,"name":"CARTES GRISES"}]},{"@type":"WebSite","@id":"https:\/\/brunet-carrosserie.fr\/#website","url":"https:\/\/brunet-carrosserie.fr\/","name":"Carrosserie Brunet","description":"","potentialAction":[{"@type":"SearchAction","target":{"@type":"EntryPoint","urlTemplate":"https:\/\/brunet-carrosserie.fr\/?s={search_term_string}"},"query-input":"required name=search_term_string"}],"inLanguage":"fr-FR"}]}},"_links":{"self":[{"href":"https:\/\/brunet-carrosserie.fr\/index.php\/wp-json\/wp\/v2\/pages\/85"}],"collection":[{"href":"https:\/\/brunet-carrosserie.fr\/index.php\/wp-json\/wp\/v2\/pages"}],"about":[{"href":"https:\/\/brunet-carrosserie.fr\/index.php\/wp-json\/wp\/v2\/types\/page"}],"author":[{"embeddable":true,"href":"https:\/\/brunet-carrosserie.fr\/index.php\/wp-json\/wp\/v2\/users\/1"}],"replies":[{"embeddable":true,"href":"https:\/\/brunet-carrosserie.fr\/index.php\/wp-json\/wp\/v2\/comments?post=85"}],"version-history":[{"count":9,"href":"https:\/\/brunet-carrosserie.fr\/index.php\/wp-json\/wp\/v2\/pages\/85\/revisions"}],"predecessor-version":[{"id":145,"href":"https:\/\/brunet-carrosserie.fr\/index.php\/wp-json\/wp\/v2\/pages\/85\/revisions\/145"}],"wp:attachment":[{"href":"https:\/\/brunet-carrosserie.fr\/index.php\/wp-json\/wp\/v2\/media?parent=85"}],"curies":[{"name":"wp","href":"https:\/\/api.w.org\/{rel}","templated":true}]}}